{"id":463,"date":"2019-02-14T18:19:37","date_gmt":"2019-02-14T18:19:37","guid":{"rendered":"http:\/\/www.altel.mx\/Altel\/?page_id=463"},"modified":"2019-02-19T22:34:26","modified_gmt":"2019-02-19T22:34:26","slug":"centro-de-monitoreo","status":"publish","type":"page","link":"http:\/\/www.altel.mx\/Altel\/centro-de-monitoreo\/","title":{"rendered":"CENTRAL DE MONITOREO"},"content":{"rendered":"<div id=\"dslc-content\" class=\"dslc-content dslc-clearfix\"><div id=\"dslc-main\">\n\t\t<div  class=\"dslc-modules-section  dslc-full \" style=\"padding-bottom:0px;padding-top:0px;\" data-section-id=\"fa419f6ca38\">\n\t\t\t\t\n\t\t\t\t\n\t\t\t\t<div class=\"dslc-modules-section-wrapper dslc-clearfix\"><div class=\"dslc-modules-area dslc-col dslc-12-col dslc-last-col\" data-size=\"12\" data-valign=\"\">\n\t\t<div id=\"dslc-module-ee4615e1adf\" class=\"dslc-module-front dslc-module-DSLC_Image dslc-in-viewport-check dslc-in-viewport-anim-none  dslc-col dslc-12-col dslc-last-col  dslc-module-handle-like-regular \" data-module-id=\"ee4615e1adf\" data-module=\"DSLC_Image\" data-dslc-module-size=\"12\" data-dslc-anim=\"none\" data-dslc-anim-delay=\"\" data-dslc-anim-duration=\"650\"  data-dslc-anim-easing=\"ease\" data-dslc-preset=\"none\" >\n\n\t\t\t\n\t\t\t\n\t\t\t\t<div class=\"dslc-image-container\">\r\n\t\t<div class=\"dslc-image\">\r\n\r\n\t\t\t\r\n\t\t\t\t\r\n\t\t\t\t\t\t\t\t\t<img src=\"http:\/\/www.altel.mx\/Altel\/wp-content\/uploads\/2019\/02\/kate-sade-1354764-unsplash.jpg\" alt=\"\" title=\"\"   \/>\r\n\t\t\t\t\r\n\t\t\t\t\t\t\t\t\t<\/div><!-- .dslc-image -->\r\n\t\t<\/div>\r\n\t\t\n\t\t\t\t<\/div><!-- .dslc-module -->\n\t\t<\/div><div class=\"dslc-modules-area dslc-col dslc-12-col dslc-last-col\" data-size=\"12\" data-valign=\"\">\n\t\t<div id=\"dslc-module-b5a7e1b1782\" class=\"dslc-module-front dslc-module-DSLC_Separator dslc-in-viewport-check dslc-in-viewport-anim-none  dslc-col dslc-12-col dslc-last-col  dslc-module-handle-like-regular \" data-module-id=\"b5a7e1b1782\" data-module=\"DSLC_Separator\" data-dslc-module-size=\"12\" data-dslc-anim=\"none\" data-dslc-anim-delay=\"0\" data-dslc-anim-duration=\"650\"  data-dslc-anim-easing=\"ease\" data-dslc-preset=\"none\" >\n\n\t\t\t\n\t\t\t\n\t\t\t\t\t<div class=\"dslc-separator-wrapper\">\r\n\t\t\t\t<div class=\"dslc-separator dslc-separator-style-invisible\">\r\n\t\t\t\t\t\t\t\t\t<\/div>\r\n\t\t\t\t<div><\/div>\r\n\t\t\t<\/div><!-- .dslc-separator-wrapper -->\r\n\t\t\t\n\t\t\t\t<\/div><!-- .dslc-module -->\n\t\t<\/div><div class=\"dslc-modules-area dslc-col dslc-12-col dslc-last-col\" data-size=\"12\" data-valign=\"\">\n\t\t<div id=\"dslc-module-392b0701097\" class=\"dslc-module-front dslc-module-DSLC_Html dslc-in-viewport-check dslc-in-viewport-anim-none  dslc-col dslc-12-col dslc-last-col  dslc-module-handle-like-regular \" data-module-id=\"392b0701097\" data-module=\"DSLC_Html\" data-dslc-module-size=\"12\" data-dslc-anim=\"none\" data-dslc-anim-delay=\"\" data-dslc-anim-duration=\"650\"  data-dslc-anim-easing=\"ease\" data-dslc-preset=\"none\" >\n\n\t\t\t\n\t\t\t\n\t\t<div class=\"dslc-html-module-content\"><H3>\u00bfQue es una central de monitoreo?<\/H3><\/div>\n\t\t\t\t<\/div><!-- .dslc-module -->\n\t\t\n\t\t<div id=\"dslc-module-d113b301827\" class=\"dslc-module-front dslc-module-DSLC_Text_Simple dslc-in-viewport-check dslc-in-viewport-anim-none  dslc-col dslc-12-col dslc-last-col  dslc-module-handle-like-regular \" data-module-id=\"d113b301827\" data-module=\"DSLC_Text_Simple\" data-dslc-module-size=\"12\" data-dslc-anim=\"none\" data-dslc-anim-delay=\"\" data-dslc-anim-duration=\"650\"  data-dslc-anim-easing=\"ease\" data-dslc-preset=\"none\" >\n\n\t\t\t\n\t\t\t\n\t\t\r\n\t\t<div class=\"dslc-text-module-content\">\r\n\t\t\t<p>Es un centro de control encargado de la recepci\u00f3n y monitoreo de los sistemas de alarmas, estos centros de control son operados por monitoristas altamente capacitados que se encargaran de notificar y\/o reportar las alarmas a la autoridad correspondiente, Estos centros se encuentran generalmente monitoreados las 24 horas los 365 dias del a\u00f1o.<\/p>\t\t<\/div>\r\n\r\n\t\t\n\t\t\t\t<\/div><!-- .dslc-module -->\n\t\t<\/div><div class=\"dslc-modules-area dslc-col dslc-12-col dslc-last-col\" data-size=\"12\" data-valign=\"\">\n\t\t<div id=\"dslc-module-818e403c656\" class=\"dslc-module-front dslc-module-DSLC_Separator dslc-in-viewport-check dslc-in-viewport-anim-none  dslc-col dslc-12-col dslc-last-col  dslc-module-handle-like-regular \" data-module-id=\"818e403c656\" data-module=\"DSLC_Separator\" data-dslc-module-size=\"12\" data-dslc-anim=\"none\" data-dslc-anim-delay=\"0\" data-dslc-anim-duration=\"650\"  data-dslc-anim-easing=\"ease\" data-dslc-preset=\"none\" >\n\n\t\t\t\n\t\t\t\n\t\t\t\t\t<div class=\"dslc-separator-wrapper\">\r\n\t\t\t\t<div class=\"dslc-separator dslc-separator-style-invisible\">\r\n\t\t\t\t\t\t\t\t\t<\/div>\r\n\t\t\t\t<div><\/div>\r\n\t\t\t<\/div><!-- .dslc-separator-wrapper -->\r\n\t\t\t\n\t\t\t\t<\/div><!-- .dslc-module -->\n\t\t<\/div><div class=\"dslc-modules-area dslc-col dslc-7-col dslc-first-col\" data-size=\"7\" data-valign=\"\">\n\t\t<div id=\"dslc-module-fa37c45ff83\" class=\"dslc-module-front dslc-module-DSLC_Html dslc-in-viewport-check dslc-in-viewport-anim-none  dslc-col dslc-12-col dslc-last-col  dslc-module-handle-like-regular \" data-module-id=\"fa37c45ff83\" data-module=\"DSLC_Html\" data-dslc-module-size=\"12\" data-dslc-anim=\"none\" data-dslc-anim-delay=\"\" data-dslc-anim-duration=\"650\"  data-dslc-anim-easing=\"ease\" data-dslc-preset=\"none\" >\n\n\t\t\t\n\t\t\t\n\t\t<div class=\"dslc-html-module-content\"><br><h3>Ofrecemos<\/h3><\/div>\n\t\t\t\t<\/div><!-- .dslc-module -->\n\t\t\n\t\t<div id=\"dslc-module-820c646cd95\" class=\"dslc-module-front dslc-module-DSLC_Text_Simple dslc-in-viewport-check dslc-in-viewport-anim-none  dslc-col dslc-12-col dslc-last-col  dslc-module-handle-like-regular \" data-module-id=\"820c646cd95\" data-module=\"DSLC_Text_Simple\" data-dslc-module-size=\"12\" data-dslc-anim=\"none\" data-dslc-anim-delay=\"\" data-dslc-anim-duration=\"650\"  data-dslc-anim-easing=\"ease\" data-dslc-preset=\"none\" >\n\n\t\t\t\n\t\t\t\n\t\t\r\n\t\t<div class=\"dslc-text-module-content\">\r\n\t\t\t<ul><li>Vigilancia electr\u00f3nica - Monitoreamos su alarma las 24 horas los 365 d\u00edas del a\u00f1o.<\/li><li>Reporte de eventos - Se notificara al departamento de polic\u00eda, bomberos o cruz roja seg\u00fan sea el caso.<\/li><li>Notificaciones - Usted estar\u00e1 enterado por medio de correos electr\u00f3nicos de cualquier anomal\u00eda, independientemente de la llamada que recibir\u00e1 del centro de monitoreo.<\/li><li>Garantizamos - Un excelente servicio y brindamos nuestra total atenci\u00f3n para resolver cualquier duda que se le pueda presentar.<\/li><\/ul>\t\t<\/div>\r\n\r\n\t\t\n\t\t\t\t<\/div><!-- .dslc-module -->\n\t\t<\/div><div class=\"dslc-modules-area dslc-col dslc-5-col dslc-last-col\" data-size=\"5\" data-valign=\"\">\n\t\t<div id=\"dslc-module-3e61585620f\" class=\"dslc-module-front dslc-module-DSLC_TP_Gallery_Slider dslc-in-viewport-check dslc-in-viewport-anim-none  dslc-col dslc-12-col dslc-last-col  dslc-module-handle-like-regular \" data-module-id=\"3e61585620f\" data-module=\"DSLC_TP_Gallery_Slider\" data-dslc-module-size=\"12\" data-dslc-anim=\"none\" data-dslc-anim-delay=\"\" data-dslc-anim-duration=\"650\"  data-dslc-anim-easing=\"ease\" data-dslc-preset=\"none\" >\n\n\t\t\t\n\t\t\t\n\t\t\r\n\t\t\t<div class=\"dslc-tp-gallery-slider\">\r\n\r\n\t\t\t\t<div class=\"dslc-tp-gallery-slider-main\">\r\n\r\n\t\t\t\t\t<div class=\"dslc-loader\"><\/div>\r\n\r\n\t\t\t\t\t<div class=\"dslc-slider\"  data-animation=\"fade\" data-animation-speed=\"600\" data-autoplay=\"3500\" data-flexible-height=\"true\">\r\n\r\n\t\t\t\t\t\t<div class=\"dslc-slider-item\"><span class=\"dslc-caption\"><\/span><img class=\"\" src=\"http:\/\/www.altel.mx\/Altel\/wp-content\/uploads\/2019\/02\/berkeley-communications-650145-unsplash-1.jpg\" alt=\"\" title=\"berkeley-communications-650145-unsplash (1)\" srcset=\"http:\/\/www.altel.mx\/Altel\/wp-content\/uploads\/2019\/02\/berkeley-communications-650145-unsplash-1.jpg 1500w, http:\/\/www.altel.mx\/Altel\/wp-content\/uploads\/2019\/02\/berkeley-communications-650145-unsplash-1-300x240.jpg 300w, http:\/\/www.altel.mx\/Altel\/wp-content\/uploads\/2019\/02\/berkeley-communications-650145-unsplash-1-768x614.jpg 768w\" sizes=\"(max-width: 1500px) 100vw, 1500px\" \/><\/div><div class=\"dslc-slider-item\"><span class=\"dslc-caption\"><\/span><img class=\"\" src=\"http:\/\/www.altel.mx\/Altel\/wp-content\/uploads\/2019\/02\/rawpixel-703123-unsplash-1.jpg\" alt=\"\" title=\"rawpixel-703123-unsplash (1)\" srcset=\"\" sizes=\"\" \/><\/div><div class=\"dslc-slider-item\"><span class=\"dslc-caption\"><\/span><img class=\"\" src=\"http:\/\/www.altel.mx\/Altel\/wp-content\/uploads\/2019\/02\/36832408_mdci-1.png\" alt=\"\" title=\"36832408_mdci\" srcset=\"http:\/\/www.altel.mx\/Altel\/wp-content\/uploads\/2019\/02\/36832408_mdci-1.png 900w, http:\/\/www.altel.mx\/Altel\/wp-content\/uploads\/2019\/02\/36832408_mdci-1-300x242.png 300w, http:\/\/www.altel.mx\/Altel\/wp-content\/uploads\/2019\/02\/36832408_mdci-1-768x619.png 768w\" sizes=\"(max-width: 900px) 100vw, 900px\" \/><\/div>\r\n\t\t\t\t\t\t\t<\/div><!-- .dslc-slider -->\r\n\r\n\t\t\t\t\t\t\t\r\n\t\t\t\t\t\t<\/div><!-- .dslc-tp-gallery-slider-main -->\r\n\r\n\t\t\t\t\t<\/div><!-- .dslc-tp-gallery-slider -->\r\n\r\n\t\t\t\t\n\t\t\t\t<\/div><!-- .dslc-module -->\n\t\t<\/div><\/div><\/div><\/div><\/div>","protected":false},"excerpt":{"rendered":"<p>\u00bfQue es una central de monitoreo? Es un centro de control encargado de la recepci\u00f3n y monitoreo de los sistemas de alarmas, estos centros de control son operados por monitoristas altamente capacitados que se encargaran de notificar y\/o reportar las alarmas a la autoridad correspondiente, Estos centros se encuentran generalmente monitoreados las 24 horas los <a href=\"http:\/\/www.altel.mx\/Altel\/centro-de-monitoreo\/\" rel=\"nofollow\"><span class=\"sr-only\">Leer m\u00e1sCENTRAL DE MONITOREO<\/span>[&hellip;]<\/a><\/p>\n","protected":false},"author":1,"featured_media":0,"parent":0,"menu_order":0,"comment_status":"closed","ping_status":"closed","template":"","meta":{"footnotes":""},"class_list":["post-463","page","type-page","status-publish","hentry"],"_links":{"self":[{"href":"http:\/\/www.altel.mx\/Altel\/wp-json\/wp\/v2\/pages\/463","targetHints":{"allow":["GET"]}}],"collection":[{"href":"http:\/\/www.altel.mx\/Altel\/wp-json\/wp\/v2\/pages"}],"about":[{"href":"http:\/\/www.altel.mx\/Altel\/wp-json\/wp\/v2\/types\/page"}],"author":[{"embeddable":true,"href":"http:\/\/www.altel.mx\/Altel\/wp-json\/wp\/v2\/users\/1"}],"replies":[{"embeddable":true,"href":"http:\/\/www.altel.mx\/Altel\/wp-json\/wp\/v2\/comments?post=463"}],"version-history":[{"count":8,"href":"http:\/\/www.altel.mx\/Altel\/wp-json\/wp\/v2\/pages\/463\/revisions"}],"predecessor-version":[{"id":625,"href":"http:\/\/www.altel.mx\/Altel\/wp-json\/wp\/v2\/pages\/463\/revisions\/625"}],"wp:attachment":[{"href":"http:\/\/www.altel.mx\/Altel\/wp-json\/wp\/v2\/media?parent=463"}],"curies":[{"name":"wp","href":"https:\/\/api.w.org\/{rel}","templated":true}]}}