{"id":156,"date":"2018-12-20T22:45:11","date_gmt":"2018-12-20T22:45:11","guid":{"rendered":"http:\/\/www.altel.mx\/Altel\/?page_id=156"},"modified":"2019-02-21T23:23:52","modified_gmt":"2019-02-21T23:23:52","slug":"inicio","status":"publish","type":"page","link":"http:\/\/www.altel.mx\/Altel\/","title":{"rendered":"Inicio"},"content":{"rendered":"<div id=\"dslc-theme-content\"><div id=\"dslc-theme-content-inner\">\n<figure class=\"wp-block-image alignfull\"><a href=\"#\" target=\"_self\"><img decoding=\"async\" src=\"http:\/\/www.altel.mx\/Altel\/wp-content\/uploads\/2017\/04\/home-1.jpg\" alt=\"home-1\"\/><\/a><\/figure>\n\n\n\n<a href=\"#\" target=\"_self\" itemprop=\"url\">\n\t\t\t\t<\/a>\n\n\n\n<p><\/p>\n\n\n\n<h3 class=\"wp-block-heading\"><a href=\"#\" target=\"_self\">Producto \/ Servicio N.\u00b01<\/a><\/h3>\n\n\n\n<p>Lo que hace que tu empresa sea reconocida debe introducirse aqu\u00ed, ya sea que se trate de salchichas o gorras de b\u00e9isbol o erradicaci\u00f3n de murci\u00e9lagos vampiros.<a href=\"#\" target=\"_self\">M\u00e1s informaci\u00f3n<\/a><a href=\"#\" target=\"_self\" itemprop=\"url\">\n\t\t\t\t<\/a><\/p>\n\n\n\n<figure class=\"wp-block-image\"><a href=\"#\" target=\"_self\"><img decoding=\"async\" src=\"http:\/\/www.altel.mx\/Altel\/wp-content\/uploads\/2017\/04\/home-2.jpg\" alt=\"home-2\"\/><\/a><\/figure>\n\n\n\n<a href=\"#\" target=\"_self\" itemprop=\"url\">\n\t\t\t\t<\/a>\n\n\n\n<p><\/p>\n\n\n\n<h3 class=\"wp-block-heading\"><a href=\"#\" target=\"_self\">Producto \/ Servicio N.\u00b02<\/a><\/h3>\n\n\n\n<p>\u00bfQu\u00e9 otro art\u00edculo popular vendes o comercializas? Habla sobre eso aqu\u00ed, usando frases positivas y f\u00e1ciles de recordar, para que los visitantes sientan que no pueden no conseguirlo.<a href=\"#\" target=\"_self\">M\u00e1s informaci\u00f3n<\/a><a href=\"#\" target=\"_self\" itemprop=\"url\">\n\t\t\t\t<\/a><\/p>\n\n\n\n<figure class=\"wp-block-image\"><a href=\"#\" target=\"_self\"><img decoding=\"async\" src=\"http:\/\/www.altel.mx\/Altel\/wp-content\/uploads\/2017\/04\/home-3.jpg\" alt=\"home-3\"\/><\/a><\/figure>\n\n\n\n<a href=\"#\" target=\"_self\" itemprop=\"url\">\n\t\t\t\t<\/a>\n\n\n\n<p><\/p>\n\n\n\n<h3 class=\"wp-block-heading\"><a href=\"#\" target=\"_self\">Producto \/ Servicio N.\u00b03<\/a><\/h3>\n\n\n\n<p>No pienses en este producto o servicio como el tercero en discordia, piensa en \u00e9l como el campe\u00f3n ol\u00edmpico que se gan\u00f3 la medalla de bronce entre tus extraordinarios productos\/servicios.<a href=\"#\" target=\"_self\">M\u00e1s informaci\u00f3n<\/a><\/p>\n\n\n\n<h3 class=\"wp-block-heading\">Tu mensaje principal<\/h3>\n\n\n\n<p>Usa este espacio para decirles a las personas lo que hace tu empresa y por qu\u00e9 y c\u00f3mo lo hace. \u00bfPor qu\u00e9 cosas te reconocen? \u00bfQui\u00e9n te adora? \u00bfCu\u00e1l es tu mejor ventaja competitiva?<\/p>\n\n\n\n<p>Incluye todas las cosas que hacen que tu empresa sea \u00fanica y mejor que la competencia. \u00bfTienes un proceso patentado de 13 pasos para la taxidermia que produce los b\u00fahos embalsamados con un aspecto m\u00e1s que real? Sin dudas, debes mencionarlo.<\/p>\n\n\n\n<p>Otras cosas buenas para incluir en este texto incluyen: premios ganados, distinciones otorgadas, cantidad de productos vendidos, filosof\u00eda de la empresa (cuanto m\u00e1s breve mejor), datos interesantes sobre la historia de la empresa y cualquier cosa que ayude a convencer al lector de que ser\u00eda maravilloso hacer negocios contigo.<\/p>\n\n\n\n<figure class=\"wp-block-image\"><img decoding=\"async\" src=\"http:\/\/www.altel.mx\/Altel\/wp-content\/uploads\/2017\/04\/home-4.jpg\" alt=\"home-4\"\/><\/figure>\n\n\n\n<h3 class=\"wp-block-heading\">Siguientes pasos&#8230;<\/h3>\n\n\n\n<p>Esta debe ser la llamada de acci\u00f3n n\u00famero uno de un potencial cliente, por ejemplo, solicitar una cotizaci\u00f3n o analizar el cat\u00e1logo de tus productos.<a href=\"\" target=\"_self\" role=\"button\">\n\t\t\t\t\t\tLlamada a la acci\u00f3n\n\t\t\t\t\t<\/a><\/p>\n<\/div><\/div>","protected":false},"excerpt":{"rendered":"<p>Producto \/ Servicio N.\u00b01 Lo que hace que tu empresa sea reconocida debe introducirse aqu\u00ed, ya sea que se trate de salchichas o gorras de b\u00e9isbol o erradicaci\u00f3n de murci\u00e9lagos vampiros.M\u00e1s informaci\u00f3n Producto \/ Servicio N.\u00b02 \u00bfQu\u00e9 otro art\u00edculo popular vendes o comercializas? Habla sobre eso aqu\u00ed, usando frases positivas y f\u00e1ciles de recordar, para <a href=\"http:\/\/www.altel.mx\/Altel\/\" rel=\"nofollow\"><span class=\"sr-only\">Leer m\u00e1sInicio<\/span>[&hellip;]<\/a><\/p>\n","protected":false},"author":1,"featured_media":0,"parent":0,"menu_order":0,"comment_status":"closed","ping_status":"closed","template":"","meta":{"footnotes":""},"class_list":["post-156","page","type-page","status-publish","hentry"],"_links":{"self":[{"href":"http:\/\/www.altel.mx\/Altel\/wp-json\/wp\/v2\/pages\/156","targetHints":{"allow":["GET"]}}],"collection":[{"href":"http:\/\/www.altel.mx\/Altel\/wp-json\/wp\/v2\/pages"}],"about":[{"href":"http:\/\/www.altel.mx\/Altel\/wp-json\/wp\/v2\/types\/page"}],"author":[{"embeddable":true,"href":"http:\/\/www.altel.mx\/Altel\/wp-json\/wp\/v2\/users\/1"}],"replies":[{"embeddable":true,"href":"http:\/\/www.altel.mx\/Altel\/wp-json\/wp\/v2\/comments?post=156"}],"version-history":[{"count":4,"href":"http:\/\/www.altel.mx\/Altel\/wp-json\/wp\/v2\/pages\/156\/revisions"}],"predecessor-version":[{"id":331,"href":"http:\/\/www.altel.mx\/Altel\/wp-json\/wp\/v2\/pages\/156\/revisions\/331"}],"wp:attachment":[{"href":"http:\/\/www.altel.mx\/Altel\/wp-json\/wp\/v2\/media?parent=156"}],"curies":[{"name":"wp","href":"https:\/\/api.w.org\/{rel}","templated":true}]}}